{"id":11,"date":"2017-03-09T23:58:20","date_gmt":"2017-03-09T23:58:20","guid":{"rendered":"http:\/\/mcc-knittkuhl.de\/?page_id=11"},"modified":"2017-03-10T02:34:42","modified_gmt":"2017-03-10T02:34:42","slug":"verein","status":"publish","type":"page","link":"https:\/\/mcc-knittkuhl.de\/?page_id=11","title":{"rendered":"Verein"},"content":{"rendered":"<h2 style=\"padding-left: 60px;\"><span style=\"font-family: Arial;\">1. Verein<br \/>\n<\/span><\/h2>\n<h3 style=\"padding-left: 60px;\"><span style=\"font-family: Arial;\"><br \/>\n<b><br \/>\n1.1. Vereinszweck<\/b><\/span><\/h3>\n<p style=\"padding-left: 60px;\"><span style=\"font-family: Arial;\"><b> Zweck des Vereins ist die Pflege des Redens von Benzin unterst\u00fctzt durch die Aufrechterhaltung bzw. Erreichung eines konstanten Alkoholpegels, herbeigef\u00fchrt durch regelm\u00e4\u00dfigen Konsum des Altbiers als der W\u00e4hrung des o.g. Vereins, wobei die Herstellung des Altbiers den hiesigen Brauereien \u00fcberlassen wird, welches in einem speziell daf\u00fcr vorgesehenen Gef\u00e4\u00df in Ziffer 1 Abs. 3 definierter Trinkstellung zu sich zu nehmen ist. Hierbei kann von vorstehendem Inhalt auf Antrag des Mitgliedes in begr\u00fcndeten Ausnahmef\u00e4llen, wie beispielsweise fach\u00e4rztlich nachgewiesener Herzinsuffizienz, abgewichen werden und das Altbier durch ein Apfelsinensaftgetr\u00e4nk ersetzt werden. Ein weiterer Zweck des Vereins ist der zweckfreie Verbrauch von Benzin mittels eines motorisierten Zweirads, welches selbst zu f\u00fchren ist und von verschiedener Bauart sein kann.<\/b><\/span><\/p>\n<h3 style=\"padding-left: 60px;\"><span style=\"font-family: Arial;\"><b> 1.2. Vereinssitz<\/b><\/span><\/h3>\n<p style=\"padding-left: 60px;\"><span style=\"font-family: Arial;\"><b> Der Sitz des Vereins ist die Gastst\u00e4tte \u201eDa Franco&#8220; im Stadtteil Knittkuhl am Rande D\u00fcsseldorfs gelegen und von \u00c4ckern umgeben als Bestandteil des Landes Nordrheinwestfalen. Der Vereins-Wirt tr\u00e4gt den Namen Franco.<\/b><\/span><\/p>\n<h3 style=\"padding-left: 60px;\"><span style=\"font-family: Arial;\"><b> 1.3. Trinkstellung<\/b><\/span><\/h3>\n<p style=\"padding-left: 60px;\"><span style=\"font-family: Arial;\"><b> Das Altbier-Glas ist zwingend mit einer Hand in der Form zum Munde zu f\u00fchren, da\u00df sich der Daumen der rechten Hand um das Rund des vorgenannten Glases schlie\u00dft, w\u00e4hrend dieses Rund mit s\u00e4mtlichen anderen Fingern derselben Hand von der anderen Seite umschlossen wird, derweil w\u00e4hrend der Vorbereitung des Trinkvorgangs die Gl\u00e4ser zwecks Herbeif\u00fchrung eines Gl\u00e4serklingens zusammenzuf\u00fchren sind und jedes Mitglied dem anderen Mitglied, durch Blick in die Augen, seine Trinkbereitschaft zu signalisieren hat.<br \/>\n<\/b><br \/>\n<\/span><\/p>\n","protected":false},"excerpt":{"rendered":"<p>1. Verein 1.1. Vereinszweck Zweck des Vereins ist die Pflege des Redens von Benzin unterst\u00fctzt durch die Aufrechterhaltung bzw. Erreichung eines konstanten Alkoholpegels, herbeigef\u00fchrt durch regelm\u00e4\u00dfigen Konsum des Altbiers als [&hellip;]<\/p>\n","protected":false},"author":1,"featured_media":0,"parent":0,"menu_order":0,"comment_status":"closed","ping_status":"closed","template":"","meta":{"footnotes":""},"class_list":["post-11","page","type-page","status-publish","hentry"],"_links":{"self":[{"href":"https:\/\/mcc-knittkuhl.de\/index.php?rest_route=\/wp\/v2\/pages\/11","targetHints":{"allow":["GET"]}}],"collection":[{"href":"https:\/\/mcc-knittkuhl.de\/index.php?rest_route=\/wp\/v2\/pages"}],"about":[{"href":"https:\/\/mcc-knittkuhl.de\/index.php?rest_route=\/wp\/v2\/types\/page"}],"author":[{"embeddable":true,"href":"https:\/\/mcc-knittkuhl.de\/index.php?rest_route=\/wp\/v2\/users\/1"}],"replies":[{"embeddable":true,"href":"https:\/\/mcc-knittkuhl.de\/index.php?rest_route=%2Fwp%2Fv2%2Fcomments&post=11"}],"version-history":[{"count":6,"href":"https:\/\/mcc-knittkuhl.de\/index.php?rest_route=\/wp\/v2\/pages\/11\/revisions"}],"predecessor-version":[{"id":93,"href":"https:\/\/mcc-knittkuhl.de\/index.php?rest_route=\/wp\/v2\/pages\/11\/revisions\/93"}],"wp:attachment":[{"href":"https:\/\/mcc-knittkuhl.de\/index.php?rest_route=%2Fwp%2Fv2%2Fmedia&parent=11"}],"curies":[{"name":"wp","href":"https:\/\/api.w.org\/{rel}","templated":true}]}}