{"id":17,"date":"2017-03-10T00:11:26","date_gmt":"2017-03-10T00:11:26","guid":{"rendered":"http:\/\/mcc-knittkuhl.de\/?page_id=17"},"modified":"2017-03-10T01:07:00","modified_gmt":"2017-03-10T01:07:00","slug":"mitgliedschaft","status":"publish","type":"page","link":"https:\/\/mcc-knittkuhl.de\/?page_id=17","title":{"rendered":"Mitgliedschaft"},"content":{"rendered":"<h2><span style=\"font-family: Arial;\"><br \/>\n2. Mitgliedschaft<br \/>\n<\/span><\/h2>\n<h3><span style=\"font-family: Arial;\"><br \/>\n<b><br \/>\n2.1. Erwerb der Mitgliedschaft<\/b><\/span><span style=\"font-family: Arial;\"><br \/>\n<\/span><\/h3>\n<p>Zur Berufung von Mitgliedern im MCC ist ausschlie\u00dflich der Vorstand, siehe Ziffer 3, befugt, wobei der Erwerb der Mitgliedschaft von Voraussetzungen wie beispielsweise Trinkfreudigkeit, Trinkfestigkeit, Aufenthalt in Knittkuhl, das Befahren von \u00f6ffentlichen und nicht \u00f6ffentlichen Stra\u00dfen mittels eines Zweirades, welches \u00fcber einen Verbrennungsmotor von nicht unter 126 ccm verf\u00fcgt bzw. angetrieben wird und welches sich zwischen dem rechten und linken Bein des zuk\u00fcnftigen Mitglieds ( im folgenden Mopedfahrer genannt ) befindet, Kenntnis und Besuch der in dem vorgenanntem Stadtteil befindlichen gastronomischen Betriebe sowie Kenntnis, Besuch und Verzehr in der in Ziffer 1 Abs. 2 genannten \u00d6rtlichkeit.<\/p>\n<h3><span style=\"font-family: Arial;\"><b> 2.2. Zeichen der Mitgliedschaft<\/b><\/span><span style=\"font-family: Arial;\"><br \/>\n<\/span><\/h3>\n<p>Als \u00e4u\u00dferliches Zeichen der Mitgliedschaft im MCC wird dem ordentlich berufenen Mitglied keinerlei Abzeichen oder Erkennungsmerkmal verliehen, wobei ungeplant jederzeit ein Kleidungsst\u00fcck in Form eines bedruckten T-Shirts angefertigt werden kann, welches nur aus Stoff bestehen darf.<\/p>\n<h3><span style=\"font-family: Arial;\"><b> 2.3. Verpflichtungen des ordentlichen Mitglieds<\/b><\/span><\/h3>\n<p>Jedes ordentliche Mitglied im MCC ist verpflichtet, das in Ziffer 2 Abs. 2 der Satzung exakt definierten Erkennungsmerkmals sowohl im Privat- als auch im Gesch\u00e4ftsleben offen oder verdeckt mit sich zu f\u00fchren, woraus sich eine Trageverpflichtung von mind. 24 h\/pro Tag ergibt. Unverz\u00fcglich nach Berufung zum ordentlichen Mitglied des MCC, hat das neue Mitglied unaufgefordert bzw. nach entsprechender Belehrung den anwesenden ordentlichen Mitgliedern des MCC einen Obulus in Form der in Ziffer 1 Abs. 2 definierten W\u00e4hrung darzubringen, womit die Aufnahme zum ordentlichen Mitglied des MCC rechtsg\u00fcltig wird.<\/p>\n<h3><span style=\"font-family: Arial;\"><b> 2.4. Kontrolle der ordentlichen Mitgliedschaft<\/b><\/span><\/h3>\n<p>Jedes ordentliche Mitglied im MCC ist berechtigt, bei jedem anderen ordentlichen Mitglied des MCC eine spontane Kontrolle durchzuf\u00fchren, welche durch das Trinken von mehreren Altbieren einzuleiten ist, verbunden mit der Aufforderung an das andere ordentliche Mitglied des MCC, seinerseits durch das Trinken von mehreren Altbieren den Nachweis der Erf\u00fcllung der in Ziffer 2 Abs. 3 niedergelegten Verpflichtung zu erbringen. Desweiteren ist der Besitz eines motorisierten Zweirads nach der in Ziffer 2 Abs. 1 definierten Vorgabe unaufgefordert nachzuweisen und die Betriebsbereitschaft desselben eidesstattlich zu bekr\u00e4ftigen.<\/p>\n<h3><span style=\"font-family: Arial;\"><b> 2.5. Sanktionen<\/b><\/span><span style=\"font-family: Arial;\"><br \/>\n<\/span><\/h3>\n<p>Wird ein ordentliches Mitglied des MCC in zul\u00e4ssiger Weise zum Nachweis der Erf\u00fcllung der in Ziffer 2 Abs. 3 niedergelegten Verpflichtung aufgefordert, und ist dieses nicht in der Lage, den Nachweis des in Ziffer 2 Abs. 2 definierten Altbiers durch unmittelbares Bestellen und sofortiges Vorzeigen desselben zu erbringen, hat unverz\u00fcglich in der n\u00e4chstgelegenen Tr\u00e4nke die Sanktion in Form der unaufgeforderten Bestellung und Bezahlung in der in Ziffer 1 Abs. 1 niedergelegten W\u00e4hrung zu erfolgen, wobei anspruchsberechtigt und teilnahmeverpflichtet jedes der zum Zeitpunkt der Kontrolle Anwesende ordentliches Mitglied des MCC ist.<\/p>\n","protected":false},"excerpt":{"rendered":"<p>2. Mitgliedschaft 2.1. Erwerb der Mitgliedschaft Zur Berufung von Mitgliedern im MCC ist ausschlie\u00dflich der Vorstand, siehe Ziffer 3, befugt, wobei der Erwerb der Mitgliedschaft von Voraussetzungen wie beispielsweise Trinkfreudigkeit, [&hellip;]<\/p>\n","protected":false},"author":1,"featured_media":0,"parent":0,"menu_order":0,"comment_status":"closed","ping_status":"closed","template":"","meta":{"footnotes":""},"class_list":["post-17","page","type-page","status-publish","hentry"],"_links":{"self":[{"href":"https:\/\/mcc-knittkuhl.de\/index.php?rest_route=\/wp\/v2\/pages\/17","targetHints":{"allow":["GET"]}}],"collection":[{"href":"https:\/\/mcc-knittkuhl.de\/index.php?rest_route=\/wp\/v2\/pages"}],"about":[{"href":"https:\/\/mcc-knittkuhl.de\/index.php?rest_route=\/wp\/v2\/types\/page"}],"author":[{"embeddable":true,"href":"https:\/\/mcc-knittkuhl.de\/index.php?rest_route=\/wp\/v2\/users\/1"}],"replies":[{"embeddable":true,"href":"https:\/\/mcc-knittkuhl.de\/index.php?rest_route=%2Fwp%2Fv2%2Fcomments&post=17"}],"version-history":[{"count":2,"href":"https:\/\/mcc-knittkuhl.de\/index.php?rest_route=\/wp\/v2\/pages\/17\/revisions"}],"predecessor-version":[{"id":59,"href":"https:\/\/mcc-knittkuhl.de\/index.php?rest_route=\/wp\/v2\/pages\/17\/revisions\/59"}],"wp:attachment":[{"href":"https:\/\/mcc-knittkuhl.de\/index.php?rest_route=%2Fwp%2Fv2%2Fmedia&parent=17"}],"curies":[{"name":"wp","href":"https:\/\/api.w.org\/{rel}","templated":true}]}}