{"id":47,"date":"2017-03-10T00:48:00","date_gmt":"2017-03-10T00:48:00","guid":{"rendered":"http:\/\/mcc-knittkuhl.de\/?page_id=47"},"modified":"2017-03-10T02:38:04","modified_gmt":"2017-03-10T02:38:04","slug":"abstimmungen","status":"publish","type":"page","link":"https:\/\/mcc-knittkuhl.de\/?page_id=47","title":{"rendered":"Abstimmungen"},"content":{"rendered":"<h2 style=\"padding-left: 60px;\"><span style=\"font-family: Arial;\">4. Abstimmungen im MCC<br \/>\n<\/span><\/h2>\n<h3 style=\"padding-left: 60px;\"><span style=\"font-family: Arial;\"><b>4.1. Allgemein<\/b><\/span><\/h3>\n<p style=\"padding-left: 60px;\"><span style=\"font-family: Arial;\"><b> Abstimmungen sind nur in Anwesenheit von mindestens einem der in Ziffer 3 Abs. 2 genannten Personen zul\u00e4ssig. Bei Abwesenheit von einem oder mehreren der in Ziffer 3 Abs. 2 genannten Personen fallen der oder die Stimmenanteile derselben automatisch dem oder den anwesenden in Ziffer 3 Abs. 2 genannten Personen zu. <\/b><br \/>\n<\/span><\/p>\n<h3 style=\"padding-left: 60px;\"><span style=\"font-family: Arial;\"><b>4.2. Stimmengewichtung des Vorstandes<\/b><\/span><\/h3>\n<p style=\"padding-left: 60px;\"><span style=\"font-family: Arial;\"><b> Bei Abstimmungen im MCC sind die in Ziffer 3 Abs. 2 genannten Personen gleichberechtigt und verf\u00fcgen \u00fcber einen Stimmenanteil von mindestens 51 % der Stimmen im MCC.<\/b><\/span><\/p>\n<h3 style=\"padding-left: 60px;\"><span style=\"font-family: Arial;\"><b> 4.3. Stimmengewichtung der Mitglieder<\/b><\/span><\/h3>\n<p style=\"padding-left: 60px;\"><span style=\"font-family: Arial;\"><b> Entf\u00e4llt, da der Verein nur aus Pr\u00e4sidenten besteht, welche ausschlie\u00dflich bei \u00fcberm\u00e4\u00dfiger Alkoholisierung als normale Mitglieder zu bezeichnen sind. Dann jedoch k\u00f6nnen diese Mitglieder maximal eine Mehrheit von 49 % erreichen.<br \/>\n<\/b><br \/>\n<\/span><\/p>\n","protected":false},"excerpt":{"rendered":"<p>4. Abstimmungen im MCC 4.1. Allgemein Abstimmungen sind nur in Anwesenheit von mindestens einem der in Ziffer 3 Abs. 2 genannten Personen zul\u00e4ssig. Bei Abwesenheit von einem oder mehreren der [&hellip;]<\/p>\n","protected":false},"author":1,"featured_media":0,"parent":0,"menu_order":0,"comment_status":"closed","ping_status":"closed","template":"","meta":{"footnotes":""},"class_list":["post-47","page","type-page","status-publish","hentry"],"_links":{"self":[{"href":"https:\/\/mcc-knittkuhl.de\/index.php?rest_route=\/wp\/v2\/pages\/47","targetHints":{"allow":["GET"]}}],"collection":[{"href":"https:\/\/mcc-knittkuhl.de\/index.php?rest_route=\/wp\/v2\/pages"}],"about":[{"href":"https:\/\/mcc-knittkuhl.de\/index.php?rest_route=\/wp\/v2\/types\/page"}],"author":[{"embeddable":true,"href":"https:\/\/mcc-knittkuhl.de\/index.php?rest_route=\/wp\/v2\/users\/1"}],"replies":[{"embeddable":true,"href":"https:\/\/mcc-knittkuhl.de\/index.php?rest_route=%2Fwp%2Fv2%2Fcomments&post=47"}],"version-history":[{"count":3,"href":"https:\/\/mcc-knittkuhl.de\/index.php?rest_route=\/wp\/v2\/pages\/47\/revisions"}],"predecessor-version":[{"id":99,"href":"https:\/\/mcc-knittkuhl.de\/index.php?rest_route=\/wp\/v2\/pages\/47\/revisions\/99"}],"wp:attachment":[{"href":"https:\/\/mcc-knittkuhl.de\/index.php?rest_route=%2Fwp%2Fv2%2Fmedia&parent=47"}],"curies":[{"name":"wp","href":"https:\/\/api.w.org\/{rel}","templated":true}]}}