{"id":67,"date":"2017-03-10T01:17:34","date_gmt":"2017-03-10T01:17:34","guid":{"rendered":"http:\/\/mcc-knittkuhl.de\/?page_id=67"},"modified":"2017-03-10T02:37:23","modified_gmt":"2017-03-10T02:37:23","slug":"67-2","status":"publish","type":"page","link":"https:\/\/mcc-knittkuhl.de\/?page_id=67","title":{"rendered":"Anhang A"},"content":{"rendered":"<h2 style=\"padding-left: 60px;\"><span style=\"font-family: Arial;\">Anhang A<br \/>\n<\/span><\/h2>\n<h3 style=\"padding-left: 60px;\"><span style=\"font-family: Arial;\"><b>Ausnahmeregelung<\/b><\/span><\/h3>\n<p style=\"padding-left: 60px;\"><span style=\"font-family: Arial;\"><b>Sollte durch Abwesenheit vom Heimatstandort z.B. w\u00e4hrend einer Ausfahrt oder eines Auslandsaufenthaltes die in 1 Abs. 1 niedergelegte W\u00e4hrung nicht zur Verf\u00fcgung stehen oder der Vorrat derselben zur Neige gegangen sein, ist diese ohne unn\u00f6tige Zeitverz\u00f6gerung durch ein landes\u00fcbliches Produkt zu ersetzen. Hier muss jedoch dringend daf\u00fcr Sorge getragen werden, das der Alkoholgehalt keinesfalls unter 4,5 % liegen darf und das bei der Verwendung alternativer Trinkgef\u00e4\u00dfe die Richtlinien zur Unfallverh\u00fctung () zwingend eingehalten werden.<br \/>\n<\/b><br \/>\n<\/span><\/p>\n","protected":false},"excerpt":{"rendered":"<p>Anhang A Ausnahmeregelung Sollte durch Abwesenheit vom Heimatstandort z.B. w\u00e4hrend einer Ausfahrt oder eines Auslandsaufenthaltes die in 1 Abs. 1 niedergelegte W\u00e4hrung nicht zur Verf\u00fcgung stehen oder der Vorrat derselben [&hellip;]<\/p>\n","protected":false},"author":1,"featured_media":0,"parent":0,"menu_order":0,"comment_status":"closed","ping_status":"closed","template":"","meta":{"footnotes":""},"class_list":["post-67","page","type-page","status-publish","hentry"],"_links":{"self":[{"href":"https:\/\/mcc-knittkuhl.de\/index.php?rest_route=\/wp\/v2\/pages\/67","targetHints":{"allow":["GET"]}}],"collection":[{"href":"https:\/\/mcc-knittkuhl.de\/index.php?rest_route=\/wp\/v2\/pages"}],"about":[{"href":"https:\/\/mcc-knittkuhl.de\/index.php?rest_route=\/wp\/v2\/types\/page"}],"author":[{"embeddable":true,"href":"https:\/\/mcc-knittkuhl.de\/index.php?rest_route=\/wp\/v2\/users\/1"}],"replies":[{"embeddable":true,"href":"https:\/\/mcc-knittkuhl.de\/index.php?rest_route=%2Fwp%2Fv2%2Fcomments&post=67"}],"version-history":[{"count":3,"href":"https:\/\/mcc-knittkuhl.de\/index.php?rest_route=\/wp\/v2\/pages\/67\/revisions"}],"predecessor-version":[{"id":97,"href":"https:\/\/mcc-knittkuhl.de\/index.php?rest_route=\/wp\/v2\/pages\/67\/revisions\/97"}],"wp:attachment":[{"href":"https:\/\/mcc-knittkuhl.de\/index.php?rest_route=%2Fwp%2Fv2%2Fmedia&parent=67"}],"curies":[{"name":"wp","href":"https:\/\/api.w.org\/{rel}","templated":true}]}}