{"id":7,"date":"2017-03-09T23:47:42","date_gmt":"2017-03-09T23:47:42","guid":{"rendered":"http:\/\/mcc-knittkuhl.de\/?page_id=7"},"modified":"2017-03-10T02:33:48","modified_gmt":"2017-03-10T02:33:48","slug":"satzung-des-mcc","status":"publish","type":"page","link":"https:\/\/mcc-knittkuhl.de\/","title":{"rendered":"Satzung des MCC"},"content":{"rendered":"<div align=\"center\">\n<h3 style=\"text-align: center;\"><span style=\"color: #ff0000; font-family: Arial;\"><b>Der MCC distanziert sich grunds\u00e4tzlich vom Fahren unter Alkoholeinfluss!<\/b><\/span><\/h3>\n<\/div>\n<h1 style=\"padding-left: 90px;\"><span style=\"font-family: Arial;\">Satzung des MCC-Knittkuhl N.E.V. (nicht eingtragener<br \/>\nVerein)<\/span><\/h1>\n<h2 style=\"padding-left: 90px;\" align=\"center\"><span style=\"font-family: Arial;\">Pr\u00e4ambel<\/span><\/h2>\n<p style=\"padding-left: 90px;\"><span style=\"font-family: Arial;\"><b>Im Bewu\u00dftsein seiner Verantwortung vor Brauereien und<br \/>\nden Wirten, von dem Willen beseelt, als gleichberechtigte Trinker in einem<br \/>\nvereinten Europa der Vernichtung des Bieres zu dienen, hat sich der MCC<br \/>\nKnittkuhl kraft seiner verfassungsgebenden Gewalt diese Satzung gegeben. Die<br \/>\nMotorradfahrer aus den L\u00e4ndern Baden-W\u00fcrttemberg, Bayern, Berlin, Brandenburg,<br \/>\nBremen, Hamburg, Hessen, Mecklenburg-Vorpommern, Niedersachsen,<br \/>\nNordrhein-Westfalen, Rheinland-Pfalz, Saarland, Sachsen, Sachsen-Anhalt,<br \/>\nSchleswig-Holstein und Th\u00fcringen haben in freier Selbstbestimmung die Einheit<br \/>\nund Freiheit der Biertrinker vollendet. Damit gilt diese Satzung f\u00fcr den<br \/>\ngesamten MCC.<\/b><\/span><\/p>\n<h3 style=\"padding-left: 90px;\"><span style=\"font-family: Arial;\"><a href=\"http:\/\/mcc-knittkuhl.de\/?page_id=11\">1. Verein<\/a><\/span><\/h3>\n<h4 style=\"line-height: 100%; margin-top: 0px; margin-bottom: 0px; padding-left: 90px;\"><span style=\"font-family: Arial;\">1.1.<br \/>\nVereinszweck<\/span><\/h4>\n<h4 style=\"line-height: 100%; margin-top: 0px; margin-bottom: 0px; padding-left: 90px;\"><span style=\"font-family: Arial;\">1.2.<br \/>\nVereinssitz<\/span><\/h4>\n<h4 style=\"line-height: 100%; margin-top: 0px; margin-bottom: 0px; padding-left: 90px;\"><span style=\"font-family: Arial;\">1.3.<br \/>\nTrinkstellung<\/span><\/h4>\n<h3 style=\"padding-left: 90px;\"><span style=\"font-family: Arial;\"><a href=\"http:\/\/mcc-knittkuhl.de\/?page_id=17\">2. Mitgliedschaft<\/a><\/span><\/h3>\n<h4 style=\"line-height: 100%; margin-top: 0px; margin-bottom: 0px; padding-left: 90px;\"><span style=\"font-family: Arial;\">2.1.<br \/>\nErwerb der Mitgliedschaft<\/span><\/h4>\n<h4 style=\"line-height: 100%; margin-top: 0px; margin-bottom: 0px; padding-left: 90px;\"><span style=\"font-family: Arial;\">2.2.<br \/>\nZeichen der Mitgliedschaft<\/span><\/h4>\n<h4 style=\"line-height: 100%; margin-top: 0px; margin-bottom: 0px; padding-left: 90px;\"><span style=\"font-family: Arial;\">2.3.<br \/>\nVerpflichtungen des ordentlichen Mitglieds<\/span><\/h4>\n<h4 style=\"line-height: 100%; margin-top: 0px; margin-bottom: 0px; padding-left: 90px;\"><span style=\"font-family: Arial;\">2.4.<br \/>\nKontrolle der ordentlichen Mitgliedschaft<\/span><\/h4>\n<h4 style=\"line-height: 100%; margin-top: 0px; margin-bottom: 0px; padding-left: 90px;\"><span style=\"font-family: Arial;\">2.5.<br \/>\nSanktionen<\/span><\/h4>\n<h3 style=\"padding-left: 90px;\"><span style=\"font-family: Arial;\"><a href=\"http:\/\/mcc-knittkuhl.de\/?page_id=21\">3. Vorstand<\/a><\/span><\/h3>\n<h4 style=\"line-height: 100%; margin-top: 0px; margin-bottom: 0px; padding-left: 90px;\"><span style=\"font-family: Arial;\">3.1.<br \/>\nZusammensetzung<\/span><\/h4>\n<h4 style=\"line-height: 100%; margin-top: 0px; margin-bottom: 0px; padding-left: 90px;\"><span style=\"font-family: Arial;\">3.2.<br \/>\nWahl des Vorstandes<\/span><\/h4>\n<h4 style=\"line-height: 100%; margin-top: 0px; margin-bottom: 0px; padding-left: 90px;\"><span style=\"font-family: Arial;\">3.3.<br \/>\nAufgabe des Vorstandes<\/span><\/h4>\n<h3 style=\"padding-left: 90px;\"><span style=\"font-family: Arial;\"><a href=\"http:\/\/mcc-knittkuhl.de\/?page_id=47\">4. Abstimmungen im MCC<\/a><\/span><\/h3>\n<h4 style=\"line-height: 100%; margin-top: 0px; margin-bottom: 0px; padding-left: 90px;\"><span style=\"font-family: Arial;\">4.1.<br \/>\nAllgemein<\/span><\/h4>\n<h4 style=\"line-height: 100%; margin-top: 0px; margin-bottom: 0px; padding-left: 90px;\"><span style=\"font-family: Arial;\">4.2.<br \/>\nStimmengewichtung des Vorstandes<\/span><\/h4>\n<h4 style=\"line-height: 100%; margin-top: 0px; margin-bottom: 0px; padding-left: 90px;\"><span style=\"font-family: Arial;\">4.3.<br \/>\nStimmengewichtung der Mitglieder<\/span><\/h4>\n<h3 style=\"padding-left: 90px;\"><span style=\"font-family: Arial;\"><a href=\"http:\/\/mcc-knittkuhl.de\/?page_id=53\">5. \u00c4nderungen und Erg\u00e4nzungen<\/a><\/span><\/h3>\n<h3 style=\"padding-left: 90px;\"><span style=\"font-family: Arial;\"><a href=\"http:\/\/mcc-knittkuhl.de\/?page_id=60\">6. Priorit\u00e4t<\/a><\/span><\/h3>\n<h3 style=\"padding-left: 90px;\"><span style=\"font-family: Arial;\"><a href=\"http:\/\/mcc-knittkuhl.de\/?page_id=63\">7. Gerichtsstand<\/a><\/span><\/h3>\n<hr style=\"padding-left: 90px;\" align=\"left\" width=\"90%\" \/>\n<h3 style=\"padding-left: 90px;\"><span style=\"font-family: Arial;\"><a href=\"http:\/\/mcc-knittkuhl.de\/?page_id=67\">Anhang A<\/a><\/span><\/h3>\n","protected":false},"excerpt":{"rendered":"<p>Der MCC distanziert sich grunds\u00e4tzlich vom Fahren unter Alkoholeinfluss! Satzung des MCC-Knittkuhl N.E.V. (nicht eingtragener Verein) Pr\u00e4ambel Im Bewu\u00dftsein seiner Verantwortung vor Brauereien und den Wirten, von dem Willen beseelt, [&hellip;]<\/p>\n","protected":false},"author":1,"featured_media":0,"parent":0,"menu_order":0,"comment_status":"closed","ping_status":"closed","template":"","meta":{"footnotes":""},"class_list":["post-7","page","type-page","status-publish","hentry"],"_links":{"self":[{"href":"https:\/\/mcc-knittkuhl.de\/index.php?rest_route=\/wp\/v2\/pages\/7","targetHints":{"allow":["GET"]}}],"collection":[{"href":"https:\/\/mcc-knittkuhl.de\/index.php?rest_route=\/wp\/v2\/pages"}],"about":[{"href":"https:\/\/mcc-knittkuhl.de\/index.php?rest_route=\/wp\/v2\/types\/page"}],"author":[{"embeddable":true,"href":"https:\/\/mcc-knittkuhl.de\/index.php?rest_route=\/wp\/v2\/users\/1"}],"replies":[{"embeddable":true,"href":"https:\/\/mcc-knittkuhl.de\/index.php?rest_route=%2Fwp%2Fv2%2Fcomments&post=7"}],"version-history":[{"count":12,"href":"https:\/\/mcc-knittkuhl.de\/index.php?rest_route=\/wp\/v2\/pages\/7\/revisions"}],"predecessor-version":[{"id":92,"href":"https:\/\/mcc-knittkuhl.de\/index.php?rest_route=\/wp\/v2\/pages\/7\/revisions\/92"}],"wp:attachment":[{"href":"https:\/\/mcc-knittkuhl.de\/index.php?rest_route=%2Fwp%2Fv2%2Fmedia&parent=7"}],"curies":[{"name":"wp","href":"https:\/\/api.w.org\/{rel}","templated":true}]}}